{"id":6,"date":"2025-01-15T00:37:57","date_gmt":"2025-01-15T00:37:57","guid":{"rendered":"http:\/\/sw-themes.com\/porto_dummy\/?page_id=6"},"modified":"2026-02-11T13:23:53","modified_gmt":"2026-02-11T13:23:53","slug":"aviso-legal","status":"publish","type":"page","link":"https:\/\/gestecman.com\/index.php\/aviso-legal\/","title":{"rendered":"Aviso Legal"},"content":{"rendered":"\t\t<div data-elementor-type=\"wp-page\" data-elementor-id=\"6\" class=\"elementor elementor-6\" data-elementor-post-type=\"page\">\n\t\t\t\t<div class=\"elementor-element elementor-element-62d5a05 e-flex e-con-boxed e-con e-parent\" data-id=\"62d5a05\" data-element_type=\"container\" data-e-type=\"container\" data-settings=\"{&quot;background_background&quot;:&quot;classic&quot;}\">\r\n\t\t\t\t\t<div class=\"e-con-inner\">\r\n\t\t<div class=\"elementor-element elementor-element-50fd954 e-con-full e-flex e-con e-child\" data-id=\"50fd954\" data-element_type=\"container\" data-e-type=\"container\">\r\n\t\t\t\t<div class=\"elementor-element elementor-element-7c23492 elementor-widget elementor-widget-text-editor\" data-id=\"7c23492\" data-element_type=\"widget\" data-e-type=\"widget\" data-widget_type=\"text-editor.default\">\n\t\t\t\t\t\t\t\t\t<p><strong>1. Tratamiento de los datos de car\u00e1cter personal.<\/strong><\/p><p>Gestec Management, con CIF B25873027, con domicilio en Avda. D\u00edlar, 30 \u2013 2\u00ba Dcha. 18007 GRANADA, es titular del sitio web https:\/\/gestecman.com y es responsable de los ficheros generados con los datos de car\u00e1cter personal suministrados por los usuarios a trav\u00e9s de este sitio web.<\/p><p>El usuario autoriza a Gestec Management al tratamiento automatizado de los datos personales que suministre voluntariamente, a trav\u00e9s de formularios y correo electr\u00f3nico, para:<\/p><p>\u2013 La correcta gesti\u00f3n de los servicios prestados as\u00ed como de cualquier solicitud de informaci\u00f3n adicional que remita a Gestec Management.<\/p><p>El usuario acepta que sus datos pueden ser cedidos, exclusivamente para las finalidades indicadas anteriormente, a otras sociedades con las que Gestec Management tenga firmados o pueda concluir acuerdos de colaboraci\u00f3n, respetando, en todo caso, la legislaci\u00f3n espa\u00f1ola sobre protecci\u00f3n de datos de car\u00e1cter personal y sin necesidad de que le sea comunicada cada primera cesi\u00f3n que se efect\u00fae a los referidos cesionarios.<\/p><p>Todos los datos son tratados con absoluta confidencialidad, no siendo accesibles a terceros para finalidades distintas para las que han sido autorizados. El fichero creado est\u00e1 ubicado en Avda. D\u00edlar, 30 \u2013 2\u00ba Dcha. 18007 GRANADA, bajo la supervisi\u00f3n y control de Gestec Management, que asume la responsabilidad en la adopci\u00f3n de medidas de seguridad de \u00edndole t\u00e9cnica y organizativa para proteger la confidencialidad e integridad de la informaci\u00f3n, de acuerdo con lo establecido en la Ley Org\u00e1nica 15\/1999 de 13 de diciembre, de Protecci\u00f3n de Datos de Car\u00e1cter Personal, y dem\u00e1s legislaci\u00f3n aplicable.<\/p><p>El usuario responder\u00e1, en cualquier caso, de la veracidad de los datos facilitados, reserv\u00e1ndose Gestec Management, el derecho a excluir de los servicios registrados a todo usuario que haya facilitado datos falsos, sin perjuicio de las dem\u00e1s acciones que procedan en Derecho.<\/p><p>El tratamiento de los datos de car\u00e1cter personal, as\u00ed como el env\u00edo de comunicaciones comerciales realizadas por medios electr\u00f3nicos, son conformes a la Ley Org\u00e1nica 15\/ 1999, de 13 de diciembre, de Protecci\u00f3n de Datos de Car\u00e1cter Personal y la Ley 34\/ 2002, de 11 de julio, de Servicios de la Sociedad de Informaci\u00f3n y de Comercio Electr\u00f3nico.<\/p><p>Cualquier usuario registrado puede ejercitar sus derechos de acceso, rectificaci\u00f3n, oposici\u00f3n y cancelaci\u00f3n de sus datos de car\u00e1cter personal suministrados a trav\u00e9s de la web https:\/\/gestecman.com, mediante comunicaci\u00f3n escrita dirigida a Gestec Management, ubicada en Avda. D\u00edlar, 30 \u2013 2\u00ba Dcha. 18007 GRANADA.<\/p><p>Se entiende que el usuario acepta las condiciones establecidas anteriormente si pulsa el bot\u00f3n \u00abENVIAR\u00bb que se encuentra en los formularios de recogida de datos.<\/p><p><strong>2. Navegaci\u00f3n con cookies.<\/strong><\/p><p>El web https:\/\/gestecman.com utiliza cookies, peque\u00f1os ficheros de datos que se generan en el ordenador del usuario y que nos permiten conocer su frecuencia de visitas, los contenidos m\u00e1s seleccionados y los elementos de seguridad que pueden intervenir en el control de acceso a \u00e1reas restringidas, as\u00ed como la visualizaci\u00f3n de publicidad en funci\u00f3n de criterios predefinidos por Gestec Management y que se activan por cookies servidas por dicha entidad o por terceros que prestan estos servicios por cuenta de Gestec Management.<\/p><p>El usuario tiene la opci\u00f3n de impedir la generaci\u00f3n de cookies, mediante la selecci\u00f3n de la correspondiente opci\u00f3n en su programa navegador.<\/p><p>El usuario autoriza a Gestec Management, a obtener y tratar la informaci\u00f3n que se genere como consecuencia de la utilizaci\u00f3n del Web https:\/\/gestecman.com, con la \u00fanica finalidad de ofrecerle una navegaci\u00f3n m\u00e1s personalizada.<\/p><p><strong>3. Responsabilidades.<\/strong><\/p><p>Gestec Management no se responsabiliza de cualquier da\u00f1o o perjuicio que se pudiera dar a causa de una circunstancia de fuerza mayor, como: error en la l\u00edneas de comunicaciones, defectos en el Hardware y Software de los usuarios, fallos en la red de Internet (de conexi\u00f3n, en las p\u00e1ginas enlazadas).<\/p><p>No se garantiza que el sitio web vaya a funcionar constante, fiable y correctamente, sin retrasos o interrupciones.<\/p><p>Gestec Management se reserva el derecho a modificar la presente pol\u00edtica de privacidad con objeto de adaptarla a las posibles novedades legislativas, as\u00ed como a las que pudieran derivarse de los c\u00f3digos tipo existentes en la materia o por motivos estrat\u00e9gicos o corporativos. Todo ello, sin perjuicio de reclamar el consentimiento necesario de los afectados para realizar los tratamientos requeridos, cuando \u00e9ste no se considerase otorgado con arreglo a los t\u00e9rminos de la presente<\/p><p><strong>Pol\u00edtica de privacidad.<\/strong><\/p><p>Gestec Management declina cualquier responsabilidad respecto a la informaci\u00f3n de esta web procedente de fuentes ajenas a Gestec Management, as\u00ed como de los contenidos no elaborados por la misma.<\/p><p>Gestec Management no se responsabiliza del mal uso que se realice de los contenidos de su p\u00e1gina web, siendo responsabilidad exclusiva de la persona que accede a ellos o los utiliza. Tampoco asume responsabilidad alguna por la informaci\u00f3n contenida en las p\u00e1ginas web de terceros a las que se pueda acceder a trav\u00e9s de enlaces desde la p\u00e1gina www.gestecman.com. La presencia de estos enlaces tiene una finalidad informativa, y no constituyen en ning\u00fan caso una invitaci\u00f3n a la contrataci\u00f3n de productos o servicios que se puedan ofrecer en la p\u00e1gina web de destino. En el caso de que Gestec Management tuviera conocimiento efectivo de que la actividad o la informaci\u00f3n a la que remiten estos enlaces es il\u00edcita, constitutiva de delito o que puede lesionar bienes o derechos de terceros susceptibles de indemnizaci\u00f3n, actuar\u00e1 con la diligencia necesaria para suprimir o inutilizar el enlace correspondiente a la mayor brevedad posible.<\/p><p><strong>4. Propiedad Intelectual e Industrial<\/strong><\/p><p>El nombre de dominio www.gestecman.com de esta p\u00e1gina web es propiedad de Gestec Management. El sitio web www.gestecman.com en su totalidad, incluyendo su dise\u00f1o, estructura, distribuci\u00f3n, textos, contenidos, logotipos, botones, im\u00e1genes, dibujos, c\u00f3digo fuente, as\u00ed como todos los derechos de propiedad intelectual e industrial y cualquier otro signo distintivo, pertenecen a Gestec Management o, en su caso, a las personas o empresas que figuran como autores o titulares de los derechos.<\/p><p>Queda prohibida la reproducci\u00f3n o explotaci\u00f3n total o parcial, por cualquier medio, de los contenidos del portal de Gestec Management para usos diferentes de la leg\u00edtima informaci\u00f3n o contrataci\u00f3n por los usuarios de los servicios ofrecidos.<\/p>\t\t\t\t\t\t\t\t<\/div>\n\t\t\t\t<\/div>\n\t\t<div class=\"gsap-content-marker elementor-element elementor-element-b1322c7 e-con-full position-static e-flex e-con e-child\" data-marker-content=\"marketing\" data-id=\"b1322c7\" data-element_type=\"container\" data-e-type=\"container\">\r\n\t\t\t\t<\/div>\n\t\t\t\t\t<\/div>\n\t\t\t\t<\/div>\n\t\t\t\t<\/div>\n\t\t","protected":false},"excerpt":{"rendered":"<p>1. Tratamiento de los datos de car\u00e1cter personal. Gestec Management, con CIF B25873027, con domicilio en Avda. D\u00edlar, 30 \u2013 2\u00ba Dcha. 18007 GRANADA, es titular del sitio web https:\/\/gestecman.com y es responsable de los ficheros generados con los datos de car\u00e1cter personal suministrados por los usuarios a trav\u00e9s de este sitio web. El usuario [&hellip;]<\/p>\n","protected":false},"author":1,"featured_media":0,"parent":0,"menu_order":0,"comment_status":"closed","ping_status":"closed","template":"","meta":{"footnotes":""},"class_list":["post-6","page","type-page","status-publish","hentry"],"_links":{"self":[{"href":"https:\/\/gestecman.com\/index.php\/wp-json\/wp\/v2\/pages\/6","targetHints":{"allow":["GET"]}}],"collection":[{"href":"https:\/\/gestecman.com\/index.php\/wp-json\/wp\/v2\/pages"}],"about":[{"href":"https:\/\/gestecman.com\/index.php\/wp-json\/wp\/v2\/types\/page"}],"author":[{"embeddable":true,"href":"https:\/\/gestecman.com\/index.php\/wp-json\/wp\/v2\/users\/1"}],"replies":[{"embeddable":true,"href":"https:\/\/gestecman.com\/index.php\/wp-json\/wp\/v2\/comments?post=6"}],"version-history":[{"count":22,"href":"https:\/\/gestecman.com\/index.php\/wp-json\/wp\/v2\/pages\/6\/revisions"}],"predecessor-version":[{"id":3671,"href":"https:\/\/gestecman.com\/index.php\/wp-json\/wp\/v2\/pages\/6\/revisions\/3671"}],"wp:attachment":[{"href":"https:\/\/gestecman.com\/index.php\/wp-json\/wp\/v2\/media?parent=6"}],"curies":[{"name":"wp","href":"https:\/\/api.w.org\/{rel}","templated":true}]}}